{"id":5766,"date":"2019-07-11T14:56:22","date_gmt":"2019-07-11T12:56:22","guid":{"rendered":"https:\/\/www.koussou.com\/rechtliche-informationen\/"},"modified":"2019-10-08T00:20:46","modified_gmt":"2019-10-07T22:20:46","slug":"rechtliche-informationen","status":"publish","type":"page","link":"https:\/\/www.koussou.com\/de\/rechtliche-informationen\/","title":{"rendered":"Rechtliche Informationen"},"content":{"rendered":"<style>#kt-layout-id_6b9cf9-51{margin-top:20px;}#kt-layout-id_6b9cf9-51 > .kt-row-column-wrap{align-content:start;}:where(#kt-layout-id_6b9cf9-51 > .kt-row-column-wrap) > .wp-block-kadence-column{justify-content:start;}#kt-layout-id_6b9cf9-51 > .kt-row-column-wrap{column-gap:var(--global-kb-gap-md, 2rem);row-gap:var(--global-kb-gap-md, 2rem);max-width:1200px;margin-left:auto;margin-right:auto;padding-top:var( --global-kb-row-default-top, 25px );padding-bottom:var( --global-kb-row-default-bottom, 25px );padding-top:150px;grid-template-columns:minmax(0, 1fr);}#kt-layout-id_6b9cf9-51{background-color:#212121;}#kt-layout-id_6b9cf9-51 > .kt-row-layout-overlay{opacity:0.30;}#kt-layout-id_6b9cf9-51 ,#kt-layout-id_6b9cf9-51 h1,#kt-layout-id_6b9cf9-51 h2,#kt-layout-id_6b9cf9-51 h3,#kt-layout-id_6b9cf9-51 h4,#kt-layout-id_6b9cf9-51 h5,#kt-layout-id_6b9cf9-51 h6{color:#F5F5F5;}@media all and (max-width: 1024px){#kt-layout-id_6b9cf9-51 > .kt-row-column-wrap{grid-template-columns:minmax(0, 1fr);}}@media all and (max-width: 767px){#kt-layout-id_6b9cf9-51 > .kt-row-column-wrap{grid-template-columns:minmax(0, 1fr);}}<\/style>\n<div class=\"wp-block-kadence-rowlayout alignnone\"><div id=\"kt-layout-id_6b9cf9-51\" class=\"kt-row-layout-inner kt-row-has-bg kt-layout-id_6b9cf9-51\"><div class=\"kt-row-column-wrap kt-has-1-columns kt-gutter-default kt-v-gutter-default kt-row-valign-top kt-row-layout-equal kt-tab-layout-inherit kt-m-colapse-left-to-right kt-mobile-layout-row\"><style>.kadence-column_8ab546-ee > .kt-inside-inner-col{border-top-width:0px;border-right-width:0px;border-bottom-width:0px;border-left-width:0px;}.kadence-column_8ab546-ee > .kt-inside-inner-col,.kadence-column_8ab546-ee > .kt-inside-inner-col:before{border-top-left-radius:0px;border-top-right-radius:0px;border-bottom-right-radius:0px;border-bottom-left-radius:0px;}.kadence-column_8ab546-ee > .kt-inside-inner-col{column-gap:var(--global-kb-gap-sm, 1rem);}.kadence-column_8ab546-ee > .kt-inside-inner-col{flex-direction:column;}.kadence-column_8ab546-ee > .kt-inside-inner-col > .aligncenter{width:100%;}.kadence-column_8ab546-ee > .kt-inside-inner-col:before{opacity:0.3;}.kadence-column_8ab546-ee{position:relative;}@media all and (max-width: 1024px){.kadence-column_8ab546-ee > .kt-inside-inner-col{flex-direction:column;justify-content:center;}}@media all and (max-width: 767px){.kadence-column_8ab546-ee > .kt-inside-inner-col{flex-direction:column;justify-content:center;}}<\/style>\n<div class=\"wp-block-kadence-column inner-column-1 kadence-column_8ab546-ee\"><div class=\"kt-inside-inner-col\">\n<h1 class=\"wp-block-heading\">Rechtliche Informationen<\/h1>\n\n\n\n<h2 class=\"wp-block-heading\">Wer wir sind<\/h2>\n\n\n\n<p>Die Adresse unserer Webseite ist: https:\/\/koussou.com.<\/p>\n\n\n\n<h2 class=\"wp-block-heading\">Welche personenbezogenen Daten wir erheben und warum wir sie erheben<\/h2>\n\n\n\n<h3 class=\"wp-block-heading\">Kommentare<\/h3>\n\n\n\n<p>Wenn Besucher Kommentare auf der Website hinterlassen, sammeln wir die in den Kommentaren angezeigten Daten, sowie die IP-Adresse des Besuchers und die Zeichenfolge des Browser-Benutzers, um die Spam-Erkennung zu unterst\u00fctzen.<\/p>\n\n\n\n<p>Eine anonymisierte Zeichenkette, die aus Ihrer E-Mail-Adresse erstellt wurde (auch Hash genannt), kann dem Gravatar-Dienst zur Verf\u00fcgung gestellt werden, um zu sehen, ob Sie sie verwenden. Die Datenschutzerkl\u00e4rung des Gravatar-Dienst finden Sie hier: https:\/\/automattic.com\/privacy\/. Nach der Freigabe Ihres Kommentars ist Ihr Profilbild im Rahmen Ihres Kommentars f\u00fcr die \u00d6ffentlichkeit sichtbar.<\/p>\n\n\n\n<h3 class=\"wp-block-heading\">Media<\/h3>\n\n\n\n<p>Wenn Sie Bilder auf die Website hochladen, sollten Sie es vermeiden, Bilder mit integrierten Standortdaten (EXIF GPS) hochzuladen. Besucher der Website k\u00f6nnen beliebige Standortdaten aus den Bildern der Website herunterladen und extrahieren.<\/p>\n\n\n\n<h3 class=\"wp-block-heading\">Kontaktformular<\/h3>\n\n\n\n<h3 class=\"wp-block-heading\">Cookies<\/h3>\n\n\n\n<p>Wenn Sie einen Kommentar auf unserer Website hinterlassen, k\u00f6nnen Sie sich daf\u00fcr entscheiden, Ihren Namen, Ihre E-Mail-Adresse und Ihre Website in Cookies zu speichern. Diese dienen Ihrer Bequemlichkeit, so dass Sie Ihre Daten nicht erneut eingeben m\u00fcssen, wenn Sie einen anderen Kommentar abgeben. Diese Cookies halten ein Jahr lang.<\/p>\n\n\n\n<p>Wenn Sie ein Konto haben und sich auf dieser Website anmelden, setzen wir ein tempor\u00e4res Cookie, um festzustellen, ob Ihr Browser Cookies akzeptiert. Dieses Cookie enth\u00e4lt keine personenbezogenen Daten und wird beim Schlie\u00dfen Ihres Browsers verworfen.<\/p>\n\n\n\n<p>Wenn Sie sich einloggen, richten wir auch mehrere Cookies ein, um Ihre Anmeldedaten und Ihre Bildschirmanzeigeoptionen zu speichern. Anmelde-Cookies dauern zwei Tage, und Cookies f\u00fcr Bildschirmoptionen gelten ein Jahr lang. Wenn Sie &#8222;Erinnern Sie sich an mich&#8220; w\u00e4hlen, bleibt Ihr Login zwei Wochen lang bestehen. Wenn Sie sich von Ihrem Konto abmelden, werden die Anmelde-Cookies entfernt.<\/p>\n\n\n\n<p>Wenn Sie einen Artikel bearbeiten oder ver\u00f6ffentlichen, wird ein zus\u00e4tzliches Cookie in Ihrem Browser gespeichert. Dieses Cookie enth\u00e4lt keine personenbezogenen Daten und zeigt lediglich die Post-ID des Artikels an, den Sie gerade bearbeitet haben. Sie verf\u00e4llt nach 1 Tag.<\/p>\n\n\n\n<h3 class=\"wp-block-heading\">Integrierte Inhalte von anderen Websites<\/h3>\n\n\n\n<p>Artikel auf dieser Website k\u00f6nnen integrierte Inhalte enthalten (z.B. Videos, Bilder, Artikel, etc.). Integrierte Inhalte von anderen Websites verhalten sich genau so, als h\u00e4tte der Besucher die andere Website besucht.<\/p>\n\n\n\n<p>Diese Websites k\u00f6nnen Daten \u00fcber Sie sammeln, Cookies verwenden, zus\u00e4tzliche Verfolgung durch Dritte einbetten und Ihre Interaktion mit diesem integrierten Inhalt \u00fcberwachen, einschlie\u00dflich der Verfolgung Ihrer Interaktion mit dem integrierten Inhalt, wenn Sie ein Konto haben und auf dieser Website angemeldet sind.<\/p>\n\n\n\n<h3 class=\"wp-block-heading\">Analytik<\/h3>\n\n\n\n<h2 class=\"wp-block-heading\">An wen wir Ihre Daten weitergeben<\/h2>\n\n\n\n<h2 class=\"wp-block-heading\">Wie lange wir Ihre Daten speichern<\/h2>\n\n\n\n<p>Wenn Sie einen Kommentar hinterlassen, bleiben der Kommentar und seine Metadaten auf unbestimmte Zeit erhalten. Auf diese Weise k\u00f6nnen wir alle Folgekommentare automatisch erkennen und genehmigen, anstatt sie in einer Moderationswarteschlange zu halten.<\/p>\n\n\n\n<p>F\u00fcr Benutzer, die sich auf unserer Website registrieren (falls m\u00f6glich), speichern wir auch die von ihnen angegebenen personenbezogenen Daten in ihrem Benutzerprofil. Alle Benutzer k\u00f6nnen ihre personenbezogenen Daten jederzeit einsehen, bearbeiten oder l\u00f6schen (au\u00dfer sie k\u00f6nnen ihren Benutzernamen nicht \u00e4ndern). Website-Administratoren k\u00f6nnen diese Informationen auch einsehen und bearbeiten.<\/p>\n\n\n\n<h2 class=\"wp-block-heading\">Welche Rechte haben Sie an Ihren Daten?<\/h2>\n\n\n\n<p>Wenn Sie ein Konto auf dieser Website haben oder Kommentare hinterlassen haben, k\u00f6nnen Sie eine exportierte Datei mit den personenbezogenen Daten, die wir \u00fcber Sie gespeichert haben, anfordern, einschlie\u00dflich aller Daten, die Sie uns zur Verf\u00fcgung gestellt haben. Sie k\u00f6nnen auch verlangen, dass wir alle personenbezogenen Daten, die wir \u00fcber Sie gespeichert haben, l\u00f6schen. Ausgenommen hiervon sind Daten, zu deren Aufbewahrung wir aus administrativen, rechtlichen oder sicherheitsrelevanten Gr\u00fcnden verpflichtet sind.<\/p>\n\n\n\n<h2 class=\"wp-block-heading\">Wohin wir Ihre Daten senden<\/h2>\n\n\n\n<p>Die Kommentare der Besucher k\u00f6nnen durch einen automatisierten Spam-Erkennungsdienst \u00fcberpr\u00fcft werden.<\/p>\n\n\n\n<h2 class=\"wp-block-heading\">Ihre Kontaktdaten<\/h2>\n\n\n\n<h2 class=\"wp-block-heading\">Zus\u00e4tzliche Informationen<\/h2>\n\n\n\n<h3 class=\"wp-block-heading\">Wie wir Ihre Daten sch\u00fctzen<\/h3>\n\n\n\n<h3 class=\"wp-block-heading\">Welche Datenschutzverletzungsverfahren haben wir?<\/h3>\n\n\n\n<h3 class=\"wp-block-heading\">Von welchen Dritten erhalten wir Daten?<\/h3>\n\n\n\n<h3 class=\"wp-block-heading\">Welche automatisierte Entscheidungsfindung und\/oder Profilerstellung wir mit Benutzerdaten durchf\u00fchren.<\/h3>\n\n\n\n<h3 class=\"wp-block-heading\">Offenlegungspflichten der Industrie<\/h3>\n<\/div><\/div>\n<\/div><\/div><\/div>\n","protected":false},"excerpt":{"rendered":"<p>Rechtliche Informationen Wer wir sind Die Adresse unserer Webseite ist: https:\/\/koussou.com. Welche personenbezogenen Daten wir erheben und warum wir sie erheben Kommentare Wenn Besucher Kommentare auf der Website hinterlassen, sammeln wir die in den Kommentaren angezeigten Daten, sowie die IP-Adresse des Besuchers und die Zeichenfolge des Browser-Benutzers, um die Spam-Erkennung zu unterst\u00fctzen. Eine anonymisierte Zeichenkette, [&hellip;]<\/p>\n","protected":false},"author":1,"featured_media":0,"parent":0,"menu_order":0,"comment_status":"closed","ping_status":"closed","template":"","meta":{"_acf_changed":false,"_editorskit_title_hidden":false,"_editorskit_reading_time":0,"_editorskit_is_block_options_detached":false,"_editorskit_block_options_position":"{}","_uag_custom_page_level_css":"","_vp_format_video_url":"","_vp_image_focal_point":[],"footnotes":""},"class_list":["post-5766","page","type-page","status-publish","hentry"],"acf":[],"yoast_head":"<!-- This site is optimized with the Yoast SEO plugin v27.4 - https:\/\/yoast.com\/product\/yoast-seo-wordpress\/ -->\n<title>Rechtliche Informationen &#8212; Koussou<\/title>\n<meta name=\"robots\" content=\"index, follow, max-snippet:-1, max-image-preview:large, max-video-preview:-1\" \/>\n<link rel=\"canonical\" href=\"https:\/\/www.koussou.com\/de\/rechtliche-informationen\/\" \/>\n<meta property=\"og:locale\" content=\"de_DE\" \/>\n<meta property=\"og:type\" content=\"article\" \/>\n<meta property=\"og:title\" content=\"Rechtliche Informationen &#8212; Koussou\" \/>\n<meta property=\"og:description\" content=\"Rechtliche Informationen Wer wir sind Die Adresse unserer Webseite ist: https:\/\/koussou.com. Welche personenbezogenen Daten wir erheben und warum wir sie erheben Kommentare Wenn Besucher Kommentare auf der Website hinterlassen, sammeln wir die in den Kommentaren angezeigten Daten, sowie die IP-Adresse des Besuchers und die Zeichenfolge des Browser-Benutzers, um die Spam-Erkennung zu unterst\u00fctzen. Eine anonymisierte Zeichenkette, [&hellip;]\" \/>\n<meta property=\"og:url\" content=\"https:\/\/www.koussou.com\/de\/rechtliche-informationen\/\" \/>\n<meta property=\"og:site_name\" content=\"Koussou\" \/>\n<meta property=\"article:publisher\" content=\"https:\/\/www.facebook.com\/koussoutravel\/\" \/>\n<meta property=\"article:modified_time\" content=\"2019-10-07T22:20:46+00:00\" \/>\n<meta name=\"twitter:card\" content=\"summary_large_image\" \/>\n<meta name=\"twitter:site\" content=\"@koussoutravel\" \/>\n<meta name=\"twitter:label1\" content=\"Gesch\u00e4tzte Lesezeit\" \/>\n\t<meta name=\"twitter:data1\" content=\"3\u00a0Minuten\" \/>\n<script type=\"application\/ld+json\" class=\"yoast-schema-graph\">{\"@context\":\"https:\\\/\\\/schema.org\",\"@graph\":[{\"@type\":\"WebPage\",\"@id\":\"https:\\\/\\\/www.koussou.com\\\/de\\\/rechtliche-informationen\\\/\",\"url\":\"https:\\\/\\\/www.koussou.com\\\/de\\\/rechtliche-informationen\\\/\",\"name\":\"Rechtliche Informationen &#8212; Koussou\",\"isPartOf\":{\"@id\":\"https:\\\/\\\/www.koussou.com\\\/de\\\/#website\"},\"datePublished\":\"2019-07-11T12:56:22+00:00\",\"dateModified\":\"2019-10-07T22:20:46+00:00\",\"breadcrumb\":{\"@id\":\"https:\\\/\\\/www.koussou.com\\\/de\\\/rechtliche-informationen\\\/#breadcrumb\"},\"inLanguage\":\"de\",\"potentialAction\":[{\"@type\":\"ReadAction\",\"target\":[\"https:\\\/\\\/www.koussou.com\\\/de\\\/rechtliche-informationen\\\/\"]}]},{\"@type\":\"BreadcrumbList\",\"@id\":\"https:\\\/\\\/www.koussou.com\\\/de\\\/rechtliche-informationen\\\/#breadcrumb\",\"itemListElement\":[{\"@type\":\"ListItem\",\"position\":1,\"name\":\"Accueil\",\"item\":\"https:\\\/\\\/www.koussou.com\\\/de\\\/\"},{\"@type\":\"ListItem\",\"position\":2,\"name\":\"Rechtliche Informationen\"}]},{\"@type\":\"WebSite\",\"@id\":\"https:\\\/\\\/www.koussou.com\\\/de\\\/#website\",\"url\":\"https:\\\/\\\/www.koussou.com\\\/de\\\/\",\"name\":\"Koussou\",\"description\":\"Experience the authentic\",\"publisher\":{\"@id\":\"https:\\\/\\\/www.koussou.com\\\/de\\\/#organization\"},\"potentialAction\":[{\"@type\":\"SearchAction\",\"target\":{\"@type\":\"EntryPoint\",\"urlTemplate\":\"https:\\\/\\\/www.koussou.com\\\/de\\\/?s={search_term_string}\"},\"query-input\":{\"@type\":\"PropertyValueSpecification\",\"valueRequired\":true,\"valueName\":\"search_term_string\"}}],\"inLanguage\":\"de\"},{\"@type\":\"Organization\",\"@id\":\"https:\\\/\\\/www.koussou.com\\\/de\\\/#organization\",\"name\":\"Koussou\",\"url\":\"https:\\\/\\\/www.koussou.com\\\/de\\\/\",\"logo\":{\"@type\":\"ImageObject\",\"inLanguage\":\"de\",\"@id\":\"https:\\\/\\\/www.koussou.com\\\/de\\\/#\\\/schema\\\/logo\\\/image\\\/\",\"url\":\"\",\"contentUrl\":\"\",\"caption\":\"Koussou\"},\"image\":{\"@id\":\"https:\\\/\\\/www.koussou.com\\\/de\\\/#\\\/schema\\\/logo\\\/image\\\/\"},\"sameAs\":[\"https:\\\/\\\/www.facebook.com\\\/koussoutravel\\\/\",\"https:\\\/\\\/x.com\\\/koussoutravel\",\"https:\\\/\\\/www.instagram.com\\\/_koussou_\\\/\"]}]}<\/script>\n<!-- \/ Yoast SEO plugin. -->","yoast_head_json":{"title":"Rechtliche Informationen &#8212; Koussou","robots":{"index":"index","follow":"follow","max-snippet":"max-snippet:-1","max-image-preview":"max-image-preview:large","max-video-preview":"max-video-preview:-1"},"canonical":"https:\/\/www.koussou.com\/de\/rechtliche-informationen\/","og_locale":"de_DE","og_type":"article","og_title":"Rechtliche Informationen &#8212; Koussou","og_description":"Rechtliche Informationen Wer wir sind Die Adresse unserer Webseite ist: https:\/\/koussou.com. Welche personenbezogenen Daten wir erheben und warum wir sie erheben Kommentare Wenn Besucher Kommentare auf der Website hinterlassen, sammeln wir die in den Kommentaren angezeigten Daten, sowie die IP-Adresse des Besuchers und die Zeichenfolge des Browser-Benutzers, um die Spam-Erkennung zu unterst\u00fctzen. Eine anonymisierte Zeichenkette, [&hellip;]","og_url":"https:\/\/www.koussou.com\/de\/rechtliche-informationen\/","og_site_name":"Koussou","article_publisher":"https:\/\/www.facebook.com\/koussoutravel\/","article_modified_time":"2019-10-07T22:20:46+00:00","twitter_card":"summary_large_image","twitter_site":"@koussoutravel","twitter_misc":{"Gesch\u00e4tzte Lesezeit":"3\u00a0Minuten"},"schema":{"@context":"https:\/\/schema.org","@graph":[{"@type":"WebPage","@id":"https:\/\/www.koussou.com\/de\/rechtliche-informationen\/","url":"https:\/\/www.koussou.com\/de\/rechtliche-informationen\/","name":"Rechtliche Informationen &#8212; Koussou","isPartOf":{"@id":"https:\/\/www.koussou.com\/de\/#website"},"datePublished":"2019-07-11T12:56:22+00:00","dateModified":"2019-10-07T22:20:46+00:00","breadcrumb":{"@id":"https:\/\/www.koussou.com\/de\/rechtliche-informationen\/#breadcrumb"},"inLanguage":"de","potentialAction":[{"@type":"ReadAction","target":["https:\/\/www.koussou.com\/de\/rechtliche-informationen\/"]}]},{"@type":"BreadcrumbList","@id":"https:\/\/www.koussou.com\/de\/rechtliche-informationen\/#breadcrumb","itemListElement":[{"@type":"ListItem","position":1,"name":"Accueil","item":"https:\/\/www.koussou.com\/de\/"},{"@type":"ListItem","position":2,"name":"Rechtliche Informationen"}]},{"@type":"WebSite","@id":"https:\/\/www.koussou.com\/de\/#website","url":"https:\/\/www.koussou.com\/de\/","name":"Koussou","description":"Experience the authentic","publisher":{"@id":"https:\/\/www.koussou.com\/de\/#organization"},"potentialAction":[{"@type":"SearchAction","target":{"@type":"EntryPoint","urlTemplate":"https:\/\/www.koussou.com\/de\/?s={search_term_string}"},"query-input":{"@type":"PropertyValueSpecification","valueRequired":true,"valueName":"search_term_string"}}],"inLanguage":"de"},{"@type":"Organization","@id":"https:\/\/www.koussou.com\/de\/#organization","name":"Koussou","url":"https:\/\/www.koussou.com\/de\/","logo":{"@type":"ImageObject","inLanguage":"de","@id":"https:\/\/www.koussou.com\/de\/#\/schema\/logo\/image\/","url":"","contentUrl":"","caption":"Koussou"},"image":{"@id":"https:\/\/www.koussou.com\/de\/#\/schema\/logo\/image\/"},"sameAs":["https:\/\/www.facebook.com\/koussoutravel\/","https:\/\/x.com\/koussoutravel","https:\/\/www.instagram.com\/_koussou_\/"]}]}},"uagb_featured_image_src":{"full":false,"thumbnail":false,"medium":false,"medium_large":false,"large":false,"1536x1536":false,"2048x2048":false,"vp_sm":false,"vp_md":false,"vp_lg":false,"vp_xl":false,"vp_sm_popup":false,"vp_md_popup":false,"vp_xl_popup":false,"sow-carousel-default":false},"uagb_author_info":{"display_name":"ks_admin","author_link":"https:\/\/www.koussou.com\/de\/author\/ks_admin\/"},"uagb_comment_info":0,"uagb_excerpt":"Rechtliche Informationen Wer wir sind Die Adresse unserer Webseite ist: https:\/\/koussou.com. Welche personenbezogenen Daten wir erheben und warum wir sie erheben Kommentare Wenn Besucher Kommentare auf der Website hinterlassen, sammeln wir die in den Kommentaren angezeigten Daten, sowie die IP-Adresse des Besuchers und die Zeichenfolge des Browser-Benutzers, um die Spam-Erkennung zu unterst\u00fctzen. Eine anonymisierte Zeichenkette,&hellip;","_links":{"self":[{"href":"https:\/\/www.koussou.com\/de\/wp-json\/wp\/v2\/pages\/5766","targetHints":{"allow":["GET"]}}],"collection":[{"href":"https:\/\/www.koussou.com\/de\/wp-json\/wp\/v2\/pages"}],"about":[{"href":"https:\/\/www.koussou.com\/de\/wp-json\/wp\/v2\/types\/page"}],"author":[{"embeddable":true,"href":"https:\/\/www.koussou.com\/de\/wp-json\/wp\/v2\/users\/1"}],"replies":[{"embeddable":true,"href":"https:\/\/www.koussou.com\/de\/wp-json\/wp\/v2\/comments?post=5766"}],"version-history":[{"count":0,"href":"https:\/\/www.koussou.com\/de\/wp-json\/wp\/v2\/pages\/5766\/revisions"}],"wp:attachment":[{"href":"https:\/\/www.koussou.com\/de\/wp-json\/wp\/v2\/media?parent=5766"}],"curies":[{"name":"wp","href":"https:\/\/api.w.org\/{rel}","templated":true}]}}